{"id":2,"date":"2021-08-13T18:33:37","date_gmt":"2021-08-13T16:33:37","guid":{"rendered":"https:\/\/worldmap-1.expressdesign.cyon.site\/?page_id=2"},"modified":"2021-08-13T18:55:45","modified_gmt":"2021-08-13T16:55:45","slug":"beispiel-seite","status":"publish","type":"page","link":"https:\/\/worldmap-1.expressdesign.cyon.site\/?page_id=2","title":{"rendered":"Beispiel-Seite"},"content":{"rendered":"\n<figure class=\"wp-block-table\"><table><tbody><tr><td><br><div class=\"map_wrapper\" id=\"map_wrapper_6\">\n<div class=\"map_box\" style=\"max-width:945px\">\n<div class=\"map_aspect_ratio\" style=\"padding-top:56%\" data-padding-top=\"56%\" data-padding-top-mobile=\"\">\n<div class=\"map_container\">\n<div class=\"map_render map_loading\" id=\"map_6\"><\/div>\n<\/div>\n<\/div>\n<\/div>\n<\/div><\/td><\/tr><\/tbody><\/table><\/figure>\n\n\n\n<figure class=\"wp-block-table\"><table><tbody><tr><td><br><div class=\"map_wrapper\" id=\"map_wrapper_6\">\n<div class=\"map_box\" style=\"max-width:945px\">\n<div class=\"map_aspect_ratio\" style=\"padding-top:56%\" data-padding-top=\"56%\" data-padding-top-mobile=\"\">\n<div class=\"map_container\">\n<div class=\"map_render map_loading\" id=\"map_6\"><\/div>\n<\/div>\n<\/div>\n<\/div>\n<\/div><\/td><\/tr><\/tbody><\/table><\/figure>\n\n\n\n<blockquote class=\"wp-block-quote is-layout-flow wp-block-quote-is-layout-flow\"><p>Hallo! Tags\u00fcber arbeite ich als Velokurier, nachts bin ich ein aufstrebender Schauspieler und dies hier ist meine Website. Ich lebe in Z\u00fcrich, habe einen grossen Hund namens Jack, mag Pi\u00f1a Coladas, jedoch weniger (ohne Schirm) im Regen stehen gelassen zu werden.<\/p><\/blockquote>\n\n\n\n<p>&#8230;oder so etwas wie das hier:<\/p>\n\n\n\n<blockquote class=\"wp-block-quote is-layout-flow wp-block-quote-is-layout-flow\"><p>Das Unternehmen XYZ wurde 1971 gegr\u00fcndet und versorgt die \u00d6ffentlichkeit seither mit qualitativ hochwertigen Produkten. An seinem Standort in einer kleinen Grossstadt besch\u00e4ftigt der Betrieb \u00fcber 2.000 Menschen und unterst\u00fctzt die Stadtbewohner in vielfacher Hinsicht.<\/p><\/blockquote>\n\n\n\n<p>Als neuer WordPress-Benutzer sollten Sie <a href=\"https:\/\/worldmap-1.expressdesign.cyon.site\/wp-admin\/\">Ihr Dashboard<\/a> aufrufen, um diese Seite zu l\u00f6schen und neue Seiten und Beitr\u00e4ge f\u00fcr Ihre Website erstellen. Viel Spass!<\/p>\n","protected":false},"excerpt":{"rendered":"<p>Hallo! Tags\u00fcber arbeite ich als Velokurier, nachts bin ich ein aufstrebender Schauspieler und dies hier ist meine Website. Ich lebe in Z\u00fcrich, habe einen grossen Hund namens Jack, mag Pi\u00f1a Coladas, jedoch weniger (ohne Schirm) im Regen stehen gelassen zu werden. &#8230;oder so etwas wie das hier: Das Unternehmen XYZ wurde 1971 gegr\u00fcndet und versorgt &hellip;<\/p>\n<p class=\"read-more\"> <a class=\"\" href=\"https:\/\/worldmap-1.expressdesign.cyon.site\/?page_id=2\"> <span class=\"screen-reader-text\">Beispiel-Seite<\/span> Read More &raquo;<\/a><\/p>\n","protected":false},"author":1,"featured_media":0,"parent":0,"menu_order":0,"comment_status":"closed","ping_status":"open","template":"","meta":{"footnotes":""},"class_list":["post-2","page","type-page","status-publish","hentry"],"_links":{"self":[{"href":"https:\/\/worldmap-1.expressdesign.cyon.site\/index.php?rest_route=\/wp\/v2\/pages\/2","targetHints":{"allow":["GET"]}}],"collection":[{"href":"https:\/\/worldmap-1.expressdesign.cyon.site\/index.php?rest_route=\/wp\/v2\/pages"}],"about":[{"href":"https:\/\/worldmap-1.expressdesign.cyon.site\/index.php?rest_route=\/wp\/v2\/types\/page"}],"author":[{"embeddable":true,"href":"https:\/\/worldmap-1.expressdesign.cyon.site\/index.php?rest_route=\/wp\/v2\/users\/1"}],"replies":[{"embeddable":true,"href":"https:\/\/worldmap-1.expressdesign.cyon.site\/index.php?rest_route=%2Fwp%2Fv2%2Fcomments&post=2"}],"version-history":[{"count":1,"href":"https:\/\/worldmap-1.expressdesign.cyon.site\/index.php?rest_route=\/wp\/v2\/pages\/2\/revisions"}],"predecessor-version":[{"id":10,"href":"https:\/\/worldmap-1.expressdesign.cyon.site\/index.php?rest_route=\/wp\/v2\/pages\/2\/revisions\/10"}],"wp:attachment":[{"href":"https:\/\/worldmap-1.expressdesign.cyon.site\/index.php?rest_route=%2Fwp%2Fv2%2Fmedia&parent=2"}],"curies":[{"name":"wp","href":"https:\/\/api.w.org\/{rel}","templated":true}]}}